{"id":152,"date":"2019-07-25T11:34:18","date_gmt":"2019-07-25T09:34:18","guid":{"rendered":"http:\/\/periaorl.fr\/?page_id=152"},"modified":"2019-09-20T19:03:29","modified_gmt":"2019-09-20T17:03:29","slug":"apnee-du-sommeil","status":"publish","type":"page","link":"https:\/\/periaorl.fr\/?page_id=152","title":{"rendered":"Apn\u00e9e du sommeil"},"content":{"rendered":"\n<ul><li>Bilan<\/li><\/ul>\n\n\n\n<ul><li>Depistage en ambulatoire<\/li><\/ul>\n\n\n\n<ul><li>Mise en place de Traitement par pression positive ( PPC) ou orth\u00e8se d&rsquo;avanc\u00e9e mandibulaire<\/li><\/ul>\n\n\n\n<ul><li>Suivi des patients<\/li><\/ul>\n\n\n\n<p><strong>Qu\u2019est ce qu\u2019une polygraphie ventilatoire nocture?<\/strong><\/p>\n\n\n\n<p>La \npolygraphie, ou polygraphie ventilatoire nocture, consiste \u00e0 enregistrer\n la respiration pendant la p\u00e9riode de sommeil.Elle sert \u00e0 d\u00e9pister et \ndiagnostiquer le syndrome d\u2019apn\u00e9es dans le cadre\n de ronflement du sommeil.L\u2019enregistrement se fait \u00e0 domicile, ce qui \nconstitue son principal int\u00e9r\u00eat. Il peut n\u00e9anmoins se faire en milieu \nhospitalier, notamment apr\u00e8s \u00e9chec de l\u2019enregistrement \u00e0 domicile.<\/p>\n\n\n\n<p>L\u2019appareil\n confi\u00e9 par le cabinet doit \u00eatre install\u00e9 avant de se coucher, et retir\u00e9\n le lendemain matin. IL perturbe peu le sommeil, m\u00eame si la qualit\u00e9 de \nla nuit semble souvent m\u00e9diocre.<\/p>\n\n\n\n<p><strong>Comment se pr\u00e9parer avant l\u2019examen \u00e0 la maison?<\/strong><\/p>\n\n\n\n<p>La \npose du mat\u00e9riel se fera en d\u00e9but de soir\u00e9e apr\u00e8s 17h au cabinet du Dr \nPERIA. Le retrait du mat\u00e9riel se fera seul le lendemain matin \u00e0 votre \ndomicile.<\/p>\n\n\n\n<p>Il \nest n\u00e9cessaire le jour de la pose de porter un T-shirt l\u00e9ger ni trop \nserr\u00e9, ni trop ample. Vous ne pourrez pas prendre de douche, ni mettre \nles mains dans l\u2019eau une fois le mat\u00e9riel pos\u00e9.<\/p>\n\n\n\n<p>Evitez le vernis \u00e0 ongle le jour de la pose de l\u2019appareil.<\/p>\n\n\n\n<p>Pr\u00e9voir un retour au domicile accompagn\u00e9 si possible, en voiture ou transport en commun mais pas en deux roues.<\/p>\n\n\n\n<p>N\u2019oubliez pas votre carte vitale.<\/p>\n\n\n\n<p><strong>Comment se d\u00e9roule l\u2019examen?<\/strong><\/p>\n\n\n\n<p>Le jour de la pose, diff\u00e9rents capteurs vont \u00eatre mis en place, pour analyser les diff\u00e9rents param\u00e8tres du sommeil:<\/p>\n\n\n\n<p>-un capteur sur le doigt pout mesurer l\u2019oxyg\u00e8ne et la fr\u00e9quence cardiaque<\/p>\n\n\n\n<p>-un capteur pour percevoir les bruits respiratoires et les ronflements<\/p>\n\n\n\n<p>-un\n capteur pour d\u00e9tecter la position pendant le sommeil ou deux ceintures \n(une sur le thorax et l\u2019autre sur l\u2019abdomen) pour d\u00e9tecter les \nmouvements respiratoires ( selon votre\n anatomie)<\/p>\n\n\n\n<p>-des lunettes nasales pour d\u00e9tecter le flux d\u2019air lors de la respiration<\/p>\n\n\n\n<p>Tous \nces capteurs sont reli\u00e9s \u00e0 un petit boitier. Une fois la pose termin\u00e9e, \nvous n\u2019aurez rien \u00e0 faire. L\u2019enregistrement se d\u00e9clenchera et s\u2019arr\u00eatera\n automatiquement aux heures pr\u00e9r\u00e9gl\u00e9es.<\/p>\n\n\n\n<p>Le lendemain matin, vous enlevez les ceintures et mettez le tout dans la sacoche pr\u00e9vu \u00e0 cet effet.<\/p>\n\n\n\n<div class=\"alignnormal\"><div id=\"metaslider-id-176\" style=\"width: 100%;\" class=\"ml-slider-3-23-5 metaslider metaslider-nivo metaslider-176 ml-slider ms-theme-simply-dark has-dots-nav\">\n    <div id=\"metaslider_container_176\">\n        <div class='slider-wrapper theme-default'><div class='ribbon'><\/div><div id='metaslider_176' class='nivoSlider'><img src=\"https:\/\/periaorl.fr\/wp-content\/uploads\/2019\/07\/IMG_0623-1024x768.jpg\" height=\"768\" width=\"1024\" title=\"IMG_0623\" alt=\"\" class=\"slider-176 slide-187\" \/><img src=\"https:\/\/periaorl.fr\/wp-content\/uploads\/2019\/07\/IMG_0624-1024x768.jpg\" height=\"768\" width=\"1024\" title=\"IMG_0624\" alt=\"\" class=\"slider-176 slide-188\" \/><img src=\"https:\/\/periaorl.fr\/wp-content\/uploads\/2019\/07\/IMG_0625-1024x768.jpg\" height=\"768\" width=\"1024\" title=\"IMG_0625\" alt=\"\" class=\"slider-176 slide-189\" \/><\/div><\/div>\n        \n    <\/div>\n<\/div><\/div>\n","protected":false},"excerpt":{"rendered":"<p>Bilan Depistage en ambulatoire Mise en place de Traitement par pression positive ( PPC) ou orth\u00e8se d&rsquo;avanc\u00e9e mandibulaire Suivi des patients Qu\u2019est ce qu\u2019une polygraphie ventilatoire nocture? La polygraphie, ou polygraphie ventilatoire nocture, consiste \u00e0 enregistrer la respiration pendant la p\u00e9riode de sommeil.Elle sert \u00e0 d\u00e9pister et diagnostiquer le syndrome d\u2019apn\u00e9es dans le cadre de [&hellip;]<\/p>\n","protected":false},"author":1,"featured_media":0,"parent":0,"menu_order":0,"comment_status":"closed","ping_status":"closed","template":"","meta":{"_monsterinsights_skip_tracking":false,"_monsterinsights_sitenote_active":false,"_monsterinsights_sitenote_note":"","_monsterinsights_sitenote_category":0},"_links":{"self":[{"href":"https:\/\/periaorl.fr\/index.php?rest_route=\/wp\/v2\/pages\/152"}],"collection":[{"href":"https:\/\/periaorl.fr\/index.php?rest_route=\/wp\/v2\/pages"}],"about":[{"href":"https:\/\/periaorl.fr\/index.php?rest_route=\/wp\/v2\/types\/page"}],"author":[{"embeddable":true,"href":"https:\/\/periaorl.fr\/index.php?rest_route=\/wp\/v2\/users\/1"}],"replies":[{"embeddable":true,"href":"https:\/\/periaorl.fr\/index.php?rest_route=%2Fwp%2Fv2%2Fcomments&post=152"}],"version-history":[{"count":4,"href":"https:\/\/periaorl.fr\/index.php?rest_route=\/wp\/v2\/pages\/152\/revisions"}],"predecessor-version":[{"id":190,"href":"https:\/\/periaorl.fr\/index.php?rest_route=\/wp\/v2\/pages\/152\/revisions\/190"}],"wp:attachment":[{"href":"https:\/\/periaorl.fr\/index.php?rest_route=%2Fwp%2Fv2%2Fmedia&parent=152"}],"curies":[{"name":"wp","href":"https:\/\/api.w.org\/{rel}","templated":true}]}}