{"id":68,"date":"2019-07-19T00:18:14","date_gmt":"2019-07-18T22:18:14","guid":{"rendered":"http:\/\/periaorl.fr\/?page_id=68"},"modified":"2019-07-26T22:12:05","modified_gmt":"2019-07-26T20:12:05","slug":"examen-orl","status":"publish","type":"page","link":"https:\/\/periaorl.fr\/?page_id=68","title":{"rendered":"Examen ORL"},"content":{"rendered":"\n<h2>1.Bilan Rhinologique<\/h2>\n\n\n\n<ul><li>Obstruction Nasale<\/li><\/ul>\n\n\n\n<ul><li>Chirurgie fonctionnelle endonasale<\/li><\/ul>\n\n\n\n<ul><li>Laser de cornet<\/li><\/ul>\n\n\n\n<h2>2.Syndrome d&rsquo;apn\u00e9e du sommeil  (SAOS)<\/h2>\n\n\n\n<ul><li>Bilan<\/li><\/ul>\n\n\n\n<ul><li>D\u00e9pistage en ambulatoire<\/li><\/ul>\n\n\n\n<ul><li>Suivi des patients<\/li><\/ul>\n\n\n\n<h2>3.Audiometrie<\/h2>\n\n\n\n<ul><li>Enfant \u00e0 partir de 3ans<\/li><\/ul>\n\n\n\n<ul><li>Adulte<\/li><\/ul>\n\n\n\n<h2>4.Chirurgie cervico-fasciale<\/h2>\n\n\n\n<ul><li>La chirurgie est r\u00e9alis\u00e9e \u00e0 la clinique Victor Pauchet en hospitalisation ou ambulatoire<\/li><\/ul>\n\n\n\n<h2>5.Sialendoscopie des glandes salivaires<\/h2>\n\n\n\n<ul><li>Bilan \u00e9chographique des infections ou calculs des glandes salivaires<\/li><\/ul>\n\n\n\n<ul><li>Sialendoscopie exploratrice avis\u00e9e diagnostic ou curative.<\/li><\/ul>\n\n\n\n<h2>6.Bilan Vertige<\/h2>\n\n\n\n<p> <\/p>\n\n\n\n<p><\/p>\n","protected":false},"excerpt":{"rendered":"<p>1.Bilan Rhinologique Obstruction Nasale Chirurgie fonctionnelle endonasale Laser de cornet 2.Syndrome d&rsquo;apn\u00e9e du sommeil (SAOS) Bilan D\u00e9pistage en ambulatoire Suivi des patients 3.Audiometrie Enfant \u00e0 partir de 3ans Adulte 4.Chirurgie cervico-fasciale La chirurgie est r\u00e9alis\u00e9e \u00e0 la clinique Victor Pauchet en hospitalisation ou ambulatoire 5.Sialendoscopie des glandes salivaires Bilan \u00e9chographique des infections ou calculs des [&hellip;]<\/p>\n","protected":false},"author":1,"featured_media":0,"parent":0,"menu_order":0,"comment_status":"closed","ping_status":"closed","template":"","meta":{"_monsterinsights_skip_tracking":false,"_monsterinsights_sitenote_active":false,"_monsterinsights_sitenote_note":"","_monsterinsights_sitenote_category":0},"_links":{"self":[{"href":"https:\/\/periaorl.fr\/index.php?rest_route=\/wp\/v2\/pages\/68"}],"collection":[{"href":"https:\/\/periaorl.fr\/index.php?rest_route=\/wp\/v2\/pages"}],"about":[{"href":"https:\/\/periaorl.fr\/index.php?rest_route=\/wp\/v2\/types\/page"}],"author":[{"embeddable":true,"href":"https:\/\/periaorl.fr\/index.php?rest_route=\/wp\/v2\/users\/1"}],"replies":[{"embeddable":true,"href":"https:\/\/periaorl.fr\/index.php?rest_route=%2Fwp%2Fv2%2Fcomments&post=68"}],"version-history":[{"count":5,"href":"https:\/\/periaorl.fr\/index.php?rest_route=\/wp\/v2\/pages\/68\/revisions"}],"predecessor-version":[{"id":171,"href":"https:\/\/periaorl.fr\/index.php?rest_route=\/wp\/v2\/pages\/68\/revisions\/171"}],"wp:attachment":[{"href":"https:\/\/periaorl.fr\/index.php?rest_route=%2Fwp%2Fv2%2Fmedia&parent=68"}],"curies":[{"name":"wp","href":"https:\/\/api.w.org\/{rel}","templated":true}]}}