{"id":99,"date":"2019-07-22T23:06:57","date_gmt":"2019-07-22T21:06:57","guid":{"rendered":"http:\/\/periaorl.fr\/?page_id=99"},"modified":"2019-09-20T19:06:12","modified_gmt":"2019-09-20T17:06:12","slug":"lalcoolisation","status":"publish","type":"page","link":"https:\/\/periaorl.fr\/?page_id=99","title":{"rendered":"L\u2019alcoolisation de nodule thyroidien"},"content":{"rendered":"\n<p>Environ la\nmoiti\u00e9 des nodules thyro\u00efdiens ont parfois des proportions kystiques\nsignificatives et on trouve souvent des kystes purs (cavit\u00e9s remplies de\nliquide) dans la glande thyro\u00efde. Bien que les kystes soient principalement\nb\u00e9nins, ils provoquent des sympt\u00f4mes inconfortables tels que une pression ou la\ndifficult\u00e9 \u00e0 avaler, m\u00eame \u00e0 partir d&rsquo;une petite taille. La ponction cibl\u00e9e sous\n\u00e9chographie et l\u2019aspiration du liquide repr\u00e9sentent le traitement principal,\nmais dans 80% des cas, le kyste se cr\u00e9e \u00e0 nouveau. Outre la chirurgie,\nl\u2019injection d&rsquo;alcool dans le kyste sous \u00e9chographie est maintenant disponible\nen Picardie en tant que proc\u00e9dure peu invasive pour le traitement des kystes\nthyroidiens.<\/p>\n\n\n\n<p>L\u2019injection\nd\u2019alcool est maintenant \u00e9tablie par plusieurs soci\u00e9t\u00e9s scientifiques bien\nconnues (European Thyroid Association, Association am\u00e9ricaine des\nendocrinologues cliniques) en tant que traitement standard pour le traitement\ndes kystes b\u00e9nins. Le traitement est efficace dans plus de 90% des cas.<\/p>\n\n\n\n<p>Proc\u00e9dure<\/p>\n\n\n\n<p>Tout\nd&rsquo;abord, un anesth\u00e9sique local est plac\u00e9 sous la peau, de sorte que la\nproc\u00e9dure courte puisse \u00eatre effectu\u00e9e sans douleur. Une aiguille d&rsquo;aspiration\nest introduite dans le kyste d&rsquo;une mani\u00e8re cibl\u00e9e par ultrasons et le contenu\nest presque compl\u00e8tement vid\u00e9 \u00e0 l&rsquo;aide d&rsquo;une seringue. Imm\u00e9diatement apr\u00e8s, le\nkyste d&rsquo;origine est rempli d&rsquo;une solution d&rsquo;alcool \u00e0 95% jusqu&rsquo;\u00e0 la moiti\u00e9 du\nvolume d&rsquo;origine. L\u2019alcool, qui reste dans le kyste pendant 2 minutes et qui\nest ensuite aspir\u00e9 compl\u00e8tement, provoque des l\u00e9sions chimiques sur les parois\ndu kyste, les faisant se coller les unes aux autres. <\/p>\n\n\n\n<p>La th\u00e9rapie\npar alcoolisation est le traitement le plus efficace avec des nodules\nkystiques-solides mixtes: la proc\u00e9dure ne dure que quelques minutes, elle est\npratiquement indolore et ne laisse pas de cicatrices. Les co\u00fbts sont\nrelativement peu \u00e9lev\u00e9s ( 300 euros) compar\u00e9s \u00e0 unechirurgie. Les compagnies\nd&rsquo;assurance maladie d\u00e9cident au cas par cas du remboursement. La plupart des\ncompagnies d&rsquo;assurance compl\u00e9mentaires couvrent les co\u00fbts de la proc\u00e9dure, en\nfonction du contrat.<\/p>\n","protected":false},"excerpt":{"rendered":"<p>Environ la moiti\u00e9 des nodules thyro\u00efdiens ont parfois des proportions kystiques significatives et on trouve souvent des kystes purs (cavit\u00e9s remplies de liquide) dans la glande thyro\u00efde. Bien que les kystes soient principalement b\u00e9nins, ils provoquent des sympt\u00f4mes inconfortables tels que une pression ou la difficult\u00e9 \u00e0 avaler, m\u00eame \u00e0 partir d&rsquo;une petite taille. La [&hellip;]<\/p>\n","protected":false},"author":1,"featured_media":0,"parent":0,"menu_order":0,"comment_status":"closed","ping_status":"closed","template":"","meta":{"_monsterinsights_skip_tracking":false,"_monsterinsights_sitenote_active":false,"_monsterinsights_sitenote_note":"","_monsterinsights_sitenote_category":0},"_links":{"self":[{"href":"https:\/\/periaorl.fr\/index.php?rest_route=\/wp\/v2\/pages\/99"}],"collection":[{"href":"https:\/\/periaorl.fr\/index.php?rest_route=\/wp\/v2\/pages"}],"about":[{"href":"https:\/\/periaorl.fr\/index.php?rest_route=\/wp\/v2\/types\/page"}],"author":[{"embeddable":true,"href":"https:\/\/periaorl.fr\/index.php?rest_route=\/wp\/v2\/users\/1"}],"replies":[{"embeddable":true,"href":"https:\/\/periaorl.fr\/index.php?rest_route=%2Fwp%2Fv2%2Fcomments&post=99"}],"version-history":[{"count":3,"href":"https:\/\/periaorl.fr\/index.php?rest_route=\/wp\/v2\/pages\/99\/revisions"}],"predecessor-version":[{"id":149,"href":"https:\/\/periaorl.fr\/index.php?rest_route=\/wp\/v2\/pages\/99\/revisions\/149"}],"wp:attachment":[{"href":"https:\/\/periaorl.fr\/index.php?rest_route=%2Fwp%2Fv2%2Fmedia&parent=99"}],"curies":[{"name":"wp","href":"https:\/\/api.w.org\/{rel}","templated":true}]}}